{"id":29,"date":"2021-05-07T18:48:58","date_gmt":"2021-05-07T18:48:58","guid":{"rendered":"https:\/\/simnoaltar.com.br\/about\/"},"modified":"2026-01-08T12:01:05","modified_gmt":"2026-01-08T15:01:05","slug":"about","status":"publish","type":"page","link":"https:\/\/simnoaltar.com.br\/?page_id=29","title":{"rendered":"Sim no Altar &#8211; Feiras e Eventos: Quem Somos?"},"content":{"rendered":"\n<p>Sim no Altar Feiras e Eventos foi idealizada pelo comunicador e empres\u00e1rio do ramo de eventos, Erismar Tanja.<\/p>\n\n\n\n<p>Trabalhando com comunica\u00e7\u00e3o desde 1985, Erismar Tanja que passou por jornais, r\u00e1dios e TVs de Franca e Regi\u00e3o, se encontrou no meio de eventos, tanto como Celebrante de casamentos, mas tamb\u00e9m como Mestre de Cerim\u00f4nia em formaturas, 15 anos e eventos corporativos.<\/p>\n\n\n\n<p>Ao se integrar em meio \u00e0 classe de profissionais que faz esse mercado girar, viu o quanto a desigualdade destoa dos pequenos prestadores de servi\u00e7os, que muitas vezes n\u00e3o teria chances de participar de eventos voltados para noivas, debutantes e empresas. <\/p>\n\n\n\n<p>Foi ent\u00e3o que surgiu a id\u00e9ia de prestigiar todos, com uma estrutura menos elaborada, mas t\u00e3o representativa quanto, e com um custo infinitamente menor, dando oportunidade para todos em um rodizio de profissionais entre as 5 edi\u00e7\u00f5es que acontece anualmente.<\/p>\n\n\n\n<p>Com o objetivo voltado para ampliar a visibilidade tanto do grande quanto do pequeno, e destacando o quanto todos s\u00e3o importantes no mercado de eventos, as Feiras Sim no Altar se consolida pela credibilidade tanto com expositores quanto com os visitantes.<\/p>\n","protected":false},"excerpt":{"rendered":"<p>Sim no Altar Feiras e Eventos foi idealizada pelo comunicador e empres\u00e1rio do ramo de eventos, Erismar Tanja. Trabalhando com comunica\u00e7\u00e3o desde 1985, Erismar Tanja que passou por jornais, r\u00e1dios e TVs de Franca e Regi\u00e3o, se encontrou no meio de eventos, tanto como Celebrante de casamentos, mas tamb\u00e9m como Mestre de Cerim\u00f4nia em formaturas, [&hellip;]<\/p>\n","protected":false},"author":0,"featured_media":0,"parent":0,"menu_order":0,"comment_status":"closed","ping_status":"closed","template":"","meta":{"footnotes":""},"class_list":["post-29","page","type-page","status-publish","hentry"],"_links":{"self":[{"href":"https:\/\/simnoaltar.com.br\/index.php?rest_route=\/wp\/v2\/pages\/29","targetHints":{"allow":["GET"]}}],"collection":[{"href":"https:\/\/simnoaltar.com.br\/index.php?rest_route=\/wp\/v2\/pages"}],"about":[{"href":"https:\/\/simnoaltar.com.br\/index.php?rest_route=\/wp\/v2\/types\/page"}],"replies":[{"embeddable":true,"href":"https:\/\/simnoaltar.com.br\/index.php?rest_route=%2Fwp%2Fv2%2Fcomments&post=29"}],"version-history":[{"count":4,"href":"https:\/\/simnoaltar.com.br\/index.php?rest_route=\/wp\/v2\/pages\/29\/revisions"}],"predecessor-version":[{"id":524,"href":"https:\/\/simnoaltar.com.br\/index.php?rest_route=\/wp\/v2\/pages\/29\/revisions\/524"}],"wp:attachment":[{"href":"https:\/\/simnoaltar.com.br\/index.php?rest_route=%2Fwp%2Fv2%2Fmedia&parent=29"}],"curies":[{"name":"wp","href":"https:\/\/api.w.org\/{rel}","templated":true}]}}